{"id":6959,"date":"2025-04-16T12:21:11","date_gmt":"2025-04-16T10:21:11","guid":{"rendered":"https:\/\/komkov.eu\/product\/gymnast-with-ribbon-pendant-with-chain\/"},"modified":"2025-09-04T23:32:31","modified_gmt":"2025-09-04T21:32:31","slug":"gymnast-with-ribbon-pendant-with-chain","status":"publish","type":"product","link":"https:\/\/komkov.eu\/en\/product\/gymnast-with-ribbon-pendant-with-chain\/","title":{"rendered":"\u201cGymnast with ribbon\u201d pendant with chain"},"content":{"rendered":"<p><em><strong>D\u0142ugo\u015b\u0107 \u0142a\u0144cuszka: 46-48 cm<\/strong><\/em><br \/>\n<em><strong>Rozmiar wisiorka: 3,5*2,2 cm<\/strong><\/em><br \/>\n<em><strong>Wisiorek z \u0142a\u0144cuszkiem zapakowany jest w pude\u0142ko upominkowe.<\/strong><\/em><\/p>\n","protected":false},"excerpt":{"rendered":"<p><em><strong>D\u0142ugo\u015b\u0107 \u0142a\u0144cuszka: 46-48 cm<\/strong><\/em><br \/>\n<em><strong>Rozmiar wisiorka: 3,5*2,2 cm<\/strong><\/em><\/p>\n","protected":false},"featured_media":6041,"comment_status":"closed","ping_status":"closed","template":"","meta":[],"product_brand":[],"product_cat":[245],"product_tag":[1315,1314,1316],"class_list":{"0":"post-6959","1":"product","2":"type-product","3":"status-publish","4":"has-post-thumbnail","6":"product_cat-misc-en","7":"product_tag-gift-for-the-gymnast-en","8":"product_tag-wisiorek-gimnastyczki-en","9":"product_tag-wisiorek-z-lancuszkiem-en","11":"first","12":"instock","13":"shipping-taxable","14":"purchasable","15":"product-type-simple"},"yoast_head":"<!-- This site is optimized with the Yoast SEO Premium plugin v25.2 (Yoast SEO v26.3) - https:\/\/yoast.com\/wordpress\/plugins\/seo\/ -->\n<title>\u201cGymnast with ribbon\u201d pendant with chain - KOMKOV<\/title>\n<meta name=\"description\" content=\"\u201cGymnast with ribbon\u201d pendant with chain: D\u0142ugo\u015b\u0107 \u0142a\u0144cuszka: 46-48 cm Rozmiar wisiorka: 3,5*2,2 cm - KOMKOV\" \/>\n<meta name=\"robots\" content=\"index, follow, max-snippet:-1, max-image-preview:large, max-video-preview:-1\" \/>\n<link rel=\"canonical\" href=\"https:\/\/komkov.eu\/en\/product\/gymnast-with-ribbon-pendant-with-chain\/\" \/>\n<meta property=\"og:locale\" content=\"en_US\" \/>\n<meta property=\"og:type\" content=\"article\" \/>\n<meta property=\"og:title\" content=\"\u201cGymnast with ribbon\u201d pendant with chain\" \/>\n<meta property=\"og:description\" content=\"\u201cGymnast with ribbon\u201d pendant with chain: D\u0142ugo\u015b\u0107 \u0142a\u0144cuszka: 46-48 cm Rozmiar wisiorka: 3,5*2,2 cm - KOMKOV\" \/>\n<meta property=\"og:url\" content=\"https:\/\/komkov.eu\/en\/product\/gymnast-with-ribbon-pendant-with-chain\/\" \/>\n<meta property=\"og:site_name\" content=\"KOMKOV\" \/>\n<meta property=\"article:modified_time\" content=\"2025-09-04T21:32:31+00:00\" \/>\n<meta property=\"og:image\" content=\"https:\/\/komkov.eu\/wp-content\/uploads\/2025\/04\/photo-5447348090450340380-y.jpg\" \/>\n\t<meta property=\"og:image:width\" content=\"960\" \/>\n\t<meta property=\"og:image:height\" content=\"1280\" \/>\n\t<meta property=\"og:image:type\" content=\"image\/jpeg\" \/>\n<meta name=\"twitter:card\" content=\"summary_large_image\" \/>\n<script type=\"application\/ld+json\" class=\"yoast-schema-graph\">{\"@context\":\"https:\/\/schema.org\",\"@graph\":[{\"@type\":\"WebPage\",\"@id\":\"https:\/\/komkov.eu\/en\/product\/gymnast-with-ribbon-pendant-with-chain\/\",\"url\":\"https:\/\/komkov.eu\/en\/product\/gymnast-with-ribbon-pendant-with-chain\/\",\"name\":\"\u201cGymnast with ribbon\u201d pendant with chain - KOMKOV\",\"isPartOf\":{\"@id\":\"https:\/\/www.komkov.eu\/en\/#website\"},\"primaryImageOfPage\":{\"@id\":\"https:\/\/komkov.eu\/en\/product\/gymnast-with-ribbon-pendant-with-chain\/#primaryimage\"},\"image\":{\"@id\":\"https:\/\/komkov.eu\/en\/product\/gymnast-with-ribbon-pendant-with-chain\/#primaryimage\"},\"thumbnailUrl\":\"https:\/\/komkov.eu\/wp-content\/uploads\/2025\/04\/photo-5447348090450340380-y.jpg\",\"datePublished\":\"2025-04-16T10:21:11+00:00\",\"dateModified\":\"2025-09-04T21:32:31+00:00\",\"description\":\"\u201cGymnast with ribbon\u201d pendant with chain: D\u0142ugo\u015b\u0107 \u0142a\u0144cuszka: 46-48 cm Rozmiar wisiorka: 3,5*2,2 cm - KOMKOV\",\"breadcrumb\":{\"@id\":\"https:\/\/komkov.eu\/en\/product\/gymnast-with-ribbon-pendant-with-chain\/#breadcrumb\"},\"inLanguage\":\"en-US\",\"potentialAction\":[{\"@type\":\"ReadAction\",\"target\":[\"https:\/\/komkov.eu\/en\/product\/gymnast-with-ribbon-pendant-with-chain\/\"]}]},{\"@type\":\"ImageObject\",\"inLanguage\":\"en-US\",\"@id\":\"https:\/\/komkov.eu\/en\/product\/gymnast-with-ribbon-pendant-with-chain\/#primaryimage\",\"url\":\"https:\/\/komkov.eu\/wp-content\/uploads\/2025\/04\/photo-5447348090450340380-y.jpg\",\"contentUrl\":\"https:\/\/komkov.eu\/wp-content\/uploads\/2025\/04\/photo-5447348090450340380-y.jpg\",\"width\":960,\"height\":1280,\"caption\":\"photo 5447348090450340380 y\"},{\"@type\":\"BreadcrumbList\",\"@id\":\"https:\/\/komkov.eu\/en\/product\/gymnast-with-ribbon-pendant-with-chain\/#breadcrumb\",\"itemListElement\":[{\"@type\":\"ListItem\",\"position\":1,\"name\":\"\u0413\u043b\u0430\u0432\u043d\u0430\u044f \u0441\u0442\u0440\u0430\u043d\u0438\u0446\u0430\",\"item\":\"https:\/\/komkov.eu\/en\/\"},{\"@type\":\"ListItem\",\"position\":2,\"name\":\"Shop\",\"item\":\"https:\/\/komkov.eu\/en\/shop\/\"},{\"@type\":\"ListItem\",\"position\":3,\"name\":\"\u201cGymnast with ribbon\u201d pendant with chain\"}]},{\"@type\":\"WebSite\",\"@id\":\"https:\/\/www.komkov.eu\/en\/#website\",\"url\":\"https:\/\/www.komkov.eu\/en\/\",\"name\":\"KOMKOV\",\"description\":\"\u0412\u0421\u0415 \u0414\u041b\u042f \u0425\u0423\u0414\u041e\u0416\u0415\u0421\u0422\u0412\u0415\u041d\u041d\u041e\u0419 \u0413\u0418\u041c\u041d\u0410\u0421\u0422\u0418\u041a\u0418\",\"potentialAction\":[{\"@type\":\"SearchAction\",\"target\":{\"@type\":\"EntryPoint\",\"urlTemplate\":\"https:\/\/www.komkov.eu\/en\/?s={search_term_string}\"},\"query-input\":{\"@type\":\"PropertyValueSpecification\",\"valueRequired\":true,\"valueName\":\"search_term_string\"}}],\"inLanguage\":\"en-US\"}]}<\/script>\n<meta property=\"product:price:amount\" content=\"4.71\" \/>\n<meta property=\"product:price:currency\" content=\"EUR\" \/>\n<meta property=\"og:availability\" content=\"instock\" \/>\n<meta property=\"product:availability\" content=\"instock\" \/>\n<meta property=\"product:condition\" content=\"new\" \/>\n<!-- \/ Yoast SEO Premium plugin. -->","yoast_head_json":{"title":"\u201cGymnast with ribbon\u201d pendant with chain - KOMKOV","description":"\u201cGymnast with ribbon\u201d pendant with chain: D\u0142ugo\u015b\u0107 \u0142a\u0144cuszka: 46-48 cm Rozmiar wisiorka: 3,5*2,2 cm - KOMKOV","robots":{"index":"index","follow":"follow","max-snippet":"max-snippet:-1","max-image-preview":"max-image-preview:large","max-video-preview":"max-video-preview:-1"},"canonical":"https:\/\/komkov.eu\/en\/product\/gymnast-with-ribbon-pendant-with-chain\/","og_locale":"en_US","og_type":"article","og_title":"\u201cGymnast with ribbon\u201d pendant with chain","og_description":"\u201cGymnast with ribbon\u201d pendant with chain: D\u0142ugo\u015b\u0107 \u0142a\u0144cuszka: 46-48 cm Rozmiar wisiorka: 3,5*2,2 cm - KOMKOV","og_url":"https:\/\/komkov.eu\/en\/product\/gymnast-with-ribbon-pendant-with-chain\/","og_site_name":"KOMKOV","article_modified_time":"2025-09-04T21:32:31+00:00","og_image":[{"width":960,"height":1280,"url":"https:\/\/komkov.eu\/wp-content\/uploads\/2025\/04\/photo-5447348090450340380-y.jpg","type":"image\/jpeg"}],"twitter_card":"summary_large_image","schema":{"@context":"https:\/\/schema.org","@graph":[{"@type":"WebPage","@id":"https:\/\/komkov.eu\/en\/product\/gymnast-with-ribbon-pendant-with-chain\/","url":"https:\/\/komkov.eu\/en\/product\/gymnast-with-ribbon-pendant-with-chain\/","name":"\u201cGymnast with ribbon\u201d pendant with chain - KOMKOV","isPartOf":{"@id":"https:\/\/www.komkov.eu\/en\/#website"},"primaryImageOfPage":{"@id":"https:\/\/komkov.eu\/en\/product\/gymnast-with-ribbon-pendant-with-chain\/#primaryimage"},"image":{"@id":"https:\/\/komkov.eu\/en\/product\/gymnast-with-ribbon-pendant-with-chain\/#primaryimage"},"thumbnailUrl":"https:\/\/komkov.eu\/wp-content\/uploads\/2025\/04\/photo-5447348090450340380-y.jpg","datePublished":"2025-04-16T10:21:11+00:00","dateModified":"2025-09-04T21:32:31+00:00","description":"\u201cGymnast with ribbon\u201d pendant with chain: D\u0142ugo\u015b\u0107 \u0142a\u0144cuszka: 46-48 cm Rozmiar wisiorka: 3,5*2,2 cm - KOMKOV","breadcrumb":{"@id":"https:\/\/komkov.eu\/en\/product\/gymnast-with-ribbon-pendant-with-chain\/#breadcrumb"},"inLanguage":"en-US","potentialAction":[{"@type":"ReadAction","target":["https:\/\/komkov.eu\/en\/product\/gymnast-with-ribbon-pendant-with-chain\/"]}]},{"@type":"ImageObject","inLanguage":"en-US","@id":"https:\/\/komkov.eu\/en\/product\/gymnast-with-ribbon-pendant-with-chain\/#primaryimage","url":"https:\/\/komkov.eu\/wp-content\/uploads\/2025\/04\/photo-5447348090450340380-y.jpg","contentUrl":"https:\/\/komkov.eu\/wp-content\/uploads\/2025\/04\/photo-5447348090450340380-y.jpg","width":960,"height":1280,"caption":"photo 5447348090450340380 y"},{"@type":"BreadcrumbList","@id":"https:\/\/komkov.eu\/en\/product\/gymnast-with-ribbon-pendant-with-chain\/#breadcrumb","itemListElement":[{"@type":"ListItem","position":1,"name":"\u0413\u043b\u0430\u0432\u043d\u0430\u044f \u0441\u0442\u0440\u0430\u043d\u0438\u0446\u0430","item":"https:\/\/komkov.eu\/en\/"},{"@type":"ListItem","position":2,"name":"Shop","item":"https:\/\/komkov.eu\/en\/shop\/"},{"@type":"ListItem","position":3,"name":"\u201cGymnast with ribbon\u201d pendant with chain"}]},{"@type":"WebSite","@id":"https:\/\/www.komkov.eu\/en\/#website","url":"https:\/\/www.komkov.eu\/en\/","name":"KOMKOV","description":"\u0412\u0421\u0415 \u0414\u041b\u042f \u0425\u0423\u0414\u041e\u0416\u0415\u0421\u0422\u0412\u0415\u041d\u041d\u041e\u0419 \u0413\u0418\u041c\u041d\u0410\u0421\u0422\u0418\u041a\u0418","potentialAction":[{"@type":"SearchAction","target":{"@type":"EntryPoint","urlTemplate":"https:\/\/www.komkov.eu\/en\/?s={search_term_string}"},"query-input":{"@type":"PropertyValueSpecification","valueRequired":true,"valueName":"search_term_string"}}],"inLanguage":"en-US"}]},"product_price_amount":"4.71","product_price_currency":"EUR","og_availability":"instock","product_availability":"instock","product_condition":"new"},"_links":{"self":[{"href":"https:\/\/komkov.eu\/en\/wp-json\/wp\/v2\/product\/6959","targetHints":{"allow":["GET"]}}],"collection":[{"href":"https:\/\/komkov.eu\/en\/wp-json\/wp\/v2\/product"}],"about":[{"href":"https:\/\/komkov.eu\/en\/wp-json\/wp\/v2\/types\/product"}],"replies":[{"embeddable":true,"href":"https:\/\/komkov.eu\/en\/wp-json\/wp\/v2\/comments?post=6959"}],"wp:featuredmedia":[{"embeddable":true,"href":"https:\/\/komkov.eu\/en\/wp-json\/wp\/v2\/media\/6041"}],"wp:attachment":[{"href":"https:\/\/komkov.eu\/en\/wp-json\/wp\/v2\/media?parent=6959"}],"wp:term":[{"taxonomy":"product_brand","embeddable":true,"href":"https:\/\/komkov.eu\/en\/wp-json\/wp\/v2\/product_brand?post=6959"},{"taxonomy":"product_cat","embeddable":true,"href":"https:\/\/komkov.eu\/en\/wp-json\/wp\/v2\/product_cat?post=6959"},{"taxonomy":"product_tag","embeddable":true,"href":"https:\/\/komkov.eu\/en\/wp-json\/wp\/v2\/product_tag?post=6959"}],"curies":[{"name":"wp","href":"https:\/\/api.w.org\/{rel}","templated":true}]}}